{"id":2,"date":"2022-04-07T21:23:05","date_gmt":"2022-04-07T21:23:05","guid":{"rendered":"https:\/\/pinealcomunicacao.com.br\/conservacerrado\/?page_id=2"},"modified":"2022-11-24T13:07:16","modified_gmt":"2022-11-24T13:07:16","slug":"pe-ponte-alta-do-gama","status":"publish","type":"page","link":"https:\/\/funatura.org.br\/conservacerrado\/pe-ponte-alta-do-gama\/","title":{"rendered":"Parque Ecol\u00f3gico e Vivencial da Ponte Alta do Gama"},"content":{"rendered":"\n<div class=\"wp-block-cover\"><span aria-hidden=\"true\" class=\"wp-block-cover__background has-background-dim-40 has-background-dim\"><\/span><img loading=\"lazy\" decoding=\"async\" width=\"1501\" height=\"1001\" class=\"wp-block-cover__image-background wp-image-2040\" alt=\"Parque Ecol\u00f3gico e Vivencial da Ponte Alta do Gama\" src=\"https:\/\/funatura.org.br\/conservacerrado\/wp-content\/uploads\/2022\/07\/Capa-PE-Ponte_Alta_do_Gama.jpg\" data-object-fit=\"cover\" srcset=\"https:\/\/funatura.org.br\/conservacerrado\/wp-content\/uploads\/2022\/07\/Capa-PE-Ponte_Alta_do_Gama.jpg 1501w, https:\/\/funatura.org.br\/conservacerrado\/wp-content\/uploads\/2022\/07\/Capa-PE-Ponte_Alta_do_Gama-300x200.jpg 300w, https:\/\/funatura.org.br\/conservacerrado\/wp-content\/uploads\/2022\/07\/Capa-PE-Ponte_Alta_do_Gama-1024x683.jpg 1024w, https:\/\/funatura.org.br\/conservacerrado\/wp-content\/uploads\/2022\/07\/Capa-PE-Ponte_Alta_do_Gama-768x512.jpg 768w\" sizes=\"auto, (max-width: 1501px) 100vw, 1501px\" \/><div class=\"wp-block-cover__inner-container is-layout-flow wp-block-cover-is-layout-flow\">\n<p class=\"has-text-align-center has-white-color has-text-color has-x-large-font-size\"><strong>Parque Ecol\u00f3gico e Vivencial da Ponte Alta do Gama<\/strong><\/p>\n<\/div><\/div>\n\n\n\n<div style=\"height:2rem\" aria-hidden=\"true\" class=\"wp-block-spacer\"><\/div>\n\n\n\n<p>Um dos objetivos do projeto Conserva Cerrado \u00e9 a <strong>revis\u00e3o e ajuste dos limites<\/strong> da Unidade de Conserva\u00e7\u00e3o. De acordo com a legisla\u00e7\u00e3o pertinente, todos poder\u00e3o participar da consulta p\u00fablica, que ser\u00e1 amplamente divulgada.<\/p>\n\n\n\n<div style=\"height:3rem\" aria-hidden=\"true\" class=\"wp-block-spacer\"><\/div>\n\n\n\n<h2 class=\"wp-block-heading\">Consulta P\u00fablica<\/h2>\n\n\n\n<p>O projeto Conserva Cerrado acredita que voc\u00ea pode fazer a diferen\u00e7a na conserva\u00e7\u00e3o nosso bioma.<\/p>\n\n\n\n<p>Por isso, te convidamos a dialogar, se informar, dar sua opini\u00e3o e colaborar com a proposta que vai subsidiar a defini\u00e7\u00e3o de poligonal e a recategoriza\u00e7\u00e3o do Parque Ecol\u00f3gico e Vivencial da Ponte Alta do Gama.<\/p>\n\n\n\n<p>\ud83d\udce2 Consulta P\u00fablica<br>Dia: 09\/11\/2022 &#8211; das 18 \u00e0s 22 horas<\/p>\n\n\n\n<p>\ud83c\udf3f Esperamos por voc\u00ea no audit\u00f3rio do Centro de Ensino Especial 1 do Gama, no Setor Central da EQ 55\/56, Bras\u00edlia &#8211; DF.<\/p>\n\n\n\n<p>\ud83e\udd33 A grava\u00e7\u00e3o da reuni\u00e3o ser\u00e1 ser\u00e1 disponibilizada no site do Bras\u00edlia Ambiental.<\/p>\n\n\n\n<p>Para ler o Estudo T\u00e9cnico realizado pela Funatura acesse: <a href=\"https:\/\/www.brasiliaambiental.df.gov.br\/consulta-publica-recategorizacao-uc-ponte-alta\/\" target=\"_blank\" rel=\"noreferrer noopener\">https:\/\/www.brasiliaambiental.df.gov.br\/consulta-publica-recategorizacao-uc-ponte-alta\/<\/a><\/p>\n\n\n\n<div style=\"height:3rem\" aria-hidden=\"true\" class=\"wp-block-spacer\"><\/div>\n\n\n\n<div class=\"wp-block-columns is-layout-flex wp-container-core-columns-is-layout-9d6595d7 wp-block-columns-is-layout-flex\">\n<div class=\"wp-block-column is-layout-flow wp-block-column-is-layout-flow\" style=\"flex-basis:66.66%\">\n<h2 class=\"wp-block-heading\">A\u00e7\u00f5es para esta Unidade de Conserva\u00e7\u00e3o<\/h2>\n\n\n\n<ul class=\"wp-block-list\">\n<li><a href=\"https:\/\/www.brasiliaambiental.df.gov.br\/consulta-publica-recategorizacao-uc-ponte-alta\/\" target=\"_blank\" rel=\"noreferrer noopener\">Aviso e documentos da Consulta P\u00fablica<\/a><\/li>\n<\/ul>\n<\/div>\n\n\n\n<div class=\"wp-block-column quadro_info is-layout-flow wp-block-column-is-layout-flow\" style=\"flex-basis:33.33%\">\n<h2 class=\"wp-block-heading\">Informa\u00e7\u00f5es<\/h2>\n\n\n\n<ul class=\"wp-block-list\">\n<li><strong>\u00c1rea:<\/strong> 293,68 ha<\/li>\n\n\n\n<li><strong>Bacia hidrogr\u00e1fica:<\/strong> Ribeir\u00e3o Ponte Alta<\/li>\n\n\n\n<li><strong>RA:<\/strong> Gama<\/li>\n\n\n\n<li><strong>Categoria:<\/strong> Parque Ecol\u00f3gico<\/li>\n\n\n\n<li><strong>Grupo:<\/strong> Uso Sustent\u00e1vel<\/li>\n\n\n\n<li><strong>Ato de cria\u00e7\u00e3o:<\/strong> Lei N\u00ba 1.202, de 20 de Setembro de 1996<\/li>\n<\/ul>\n<\/div>\n<\/div>\n","protected":false},"excerpt":{"rendered":"<p>Um dos objetivos do projeto Conserva Cerrado \u00e9 a revis\u00e3o e ajuste dos limites da Unidade de Conserva\u00e7\u00e3o. De acordo com a legisla\u00e7\u00e3o pertinente, todos poder\u00e3o participar da consulta p\u00fablica, &#8230;<\/p>\n","protected":false},"author":1,"featured_media":0,"parent":0,"menu_order":0,"comment_status":"closed","ping_status":"closed","template":"","meta":{"footnotes":""},"class_list":["post-2","page","type-page","status-publish","hentry"],"_links":{"self":[{"href":"https:\/\/funatura.org.br\/conservacerrado\/wp-json\/wp\/v2\/pages\/2","targetHints":{"allow":["GET"]}}],"collection":[{"href":"https:\/\/funatura.org.br\/conservacerrado\/wp-json\/wp\/v2\/pages"}],"about":[{"href":"https:\/\/funatura.org.br\/conservacerrado\/wp-json\/wp\/v2\/types\/page"}],"author":[{"embeddable":true,"href":"https:\/\/funatura.org.br\/conservacerrado\/wp-json\/wp\/v2\/users\/1"}],"replies":[{"embeddable":true,"href":"https:\/\/funatura.org.br\/conservacerrado\/wp-json\/wp\/v2\/comments?post=2"}],"version-history":[{"count":13,"href":"https:\/\/funatura.org.br\/conservacerrado\/wp-json\/wp\/v2\/pages\/2\/revisions"}],"predecessor-version":[{"id":2181,"href":"https:\/\/funatura.org.br\/conservacerrado\/wp-json\/wp\/v2\/pages\/2\/revisions\/2181"}],"wp:attachment":[{"href":"https:\/\/funatura.org.br\/conservacerrado\/wp-json\/wp\/v2\/media?parent=2"}],"curies":[{"name":"wp","href":"https:\/\/api.w.org\/{rel}","templated":true}]}}