{"id":1869,"date":"2022-07-07T17:59:44","date_gmt":"2022-07-07T17:59:44","guid":{"rendered":"https:\/\/funatura.org.br\/conservacerrado\/?page_id=1869"},"modified":"2022-12-07T14:54:31","modified_gmt":"2022-12-07T14:54:31","slug":"rvs-garca-branca","status":"publish","type":"page","link":"https:\/\/funatura.org.br\/conservacerrado\/rvs-garca-branca\/","title":{"rendered":"Ref\u00fagio de Vida Silvestre Gar\u00e7a Branca"},"content":{"rendered":"\n<div class=\"wp-block-cover is-light\"><span aria-hidden=\"true\" class=\"wp-block-cover__background has-background-dim-40 has-background-dim\"><\/span><img loading=\"lazy\" decoding=\"async\" width=\"1501\" height=\"1001\" class=\"wp-block-cover__image-background wp-image-2055\" alt=\"Ref\u00fagio de Vida Silvestre Gar\u00e7a Branca\" src=\"https:\/\/funatura.org.br\/conservacerrado\/wp-content\/uploads\/2022\/07\/Capa-RVS-Garca_Branca.jpg\" style=\"object-position:54% 23%\" data-object-fit=\"cover\" data-object-position=\"54% 23%\" srcset=\"https:\/\/funatura.org.br\/conservacerrado\/wp-content\/uploads\/2022\/07\/Capa-RVS-Garca_Branca.jpg 1501w, https:\/\/funatura.org.br\/conservacerrado\/wp-content\/uploads\/2022\/07\/Capa-RVS-Garca_Branca-300x200.jpg 300w, https:\/\/funatura.org.br\/conservacerrado\/wp-content\/uploads\/2022\/07\/Capa-RVS-Garca_Branca-1024x683.jpg 1024w, https:\/\/funatura.org.br\/conservacerrado\/wp-content\/uploads\/2022\/07\/Capa-RVS-Garca_Branca-768x512.jpg 768w\" sizes=\"auto, (max-width: 1501px) 100vw, 1501px\" \/><div class=\"wp-block-cover__inner-container is-layout-flow wp-block-cover-is-layout-flow\">\n<p class=\"has-text-align-center has-white-color has-text-color has-x-large-font-size\"><strong><mark style=\"background-color:rgba(0, 0, 0, 0)\" class=\"has-inline-color has-white-color\">Ref\u00fagio de Vida Silvestre Gar\u00e7a Branca<\/mark><\/strong><\/p>\n<\/div><\/div>\n\n\n\n<div style=\"height:2rem\" aria-hidden=\"true\" class=\"wp-block-spacer\"><\/div>\n\n\n\n<p>Um dos objetivos do projeto Conserva Cerrado \u00e9 a <strong>revis\u00e3o e ajuste dos limites<\/strong> da Unidade de Conserva\u00e7\u00e3o. De acordo com a legisla\u00e7\u00e3o pertinente, todos poder\u00e3o participar da consulta p\u00fablica, que ser\u00e1 amplamente divulgada A <strong>elabora\u00e7\u00e3o do Plano de Manejo<\/strong> da UC tamb\u00e9m \u00e9 objetivo do projeto.<\/p>\n\n\n\n<div style=\"height:50px\" aria-hidden=\"true\" class=\"wp-block-spacer\"><\/div>\n\n\n\n<h2 class=\"wp-block-heading\">Consulta P\u00fablica<\/h2>\n\n\n\n<p>O projeto Conserva Cerrado acredita que voc\u00ea pode fazer a diferen\u00e7a na conserva\u00e7\u00e3o nosso bioma.<\/p>\n\n\n\n<p>Por isso, te convidamos a dialogar, se informar, dar sua opini\u00e3o e colaborar com a proposta que vai subsidiar a redefini\u00e7\u00e3o de poligonal do Ref\u00fagio de Vida Silvestre Gar\u00e7a Branca.<\/p>\n\n\n\n<p><\/p>\n\n\n\n<p>\ud83d\udce2 Consulta P\u00fablica<br>Dia: a ser definido pelo Bras\u00edlia Ambiental.<\/p>\n\n\n\n<p>\ud83c\udf3f Esperamos por voc\u00ea no Audit\u00f3rio da Administra\u00e7\u00e3o Regional do Lago Sul, no SHIS QI 11, \u00c1rea Especial 01, Lago Sul, Bras\u00edlia\/DF.<\/p>\n\n\n\n<p>\ud83e\udd33 A grava\u00e7\u00e3o da reuni\u00e3o ser\u00e1 disponibilizada no site do Bras\u00edlia Ambiental.<\/p>\n\n\n\n<p>Para ler a Proposta realizada pela Funatura <a rel=\"noreferrer noopener\" href=\"https:\/\/www.brasiliaambiental.df.gov.br\/consulta-publica-para-definicao-da-poligonal-do-refugio-de-vida-silvestre-garca-branca\/\" target=\"_blank\">clique aqui<\/a>!<\/p>\n\n\n\n<div style=\"height:3rem\" aria-hidden=\"true\" class=\"wp-block-spacer\"><\/div>\n\n\n\n<div class=\"wp-block-columns is-layout-flex wp-container-core-columns-is-layout-9d6595d7 wp-block-columns-is-layout-flex\">\n<div class=\"wp-block-column is-layout-flow wp-block-column-is-layout-flow\" style=\"flex-basis:66.66%\">\n<h2 class=\"wp-block-heading\">A\u00e7\u00f5es para esta Unidade de Conserva\u00e7\u00e3o<\/h2>\n\n\n\n<ul class=\"wp-block-list\">\n<li>Link para esta Unidade de Conserva\u00e7\u00e3o no Google Maps: <a rel=\"noreferrer noopener\" href=\"https:\/\/goo.gl\/maps\/h6Wgp7eSbnrn5Xkb8\" target=\"_blank\">https:\/\/goo.gl\/maps\/h6Wgp7eSbnrn5Xkb8<\/a><\/li>\n\n\n\n<li><a href=\"https:\/\/www.brasiliaambiental.df.gov.br\/consulta-publica-para-definicao-da-poligonal-do-refugio-de-vida-silvestre-garca-branca\/\" target=\"_blank\" rel=\"noreferrer noopener\">Aviso e documentos da Consulta P\u00fablica<\/a><\/li>\n<\/ul>\n<\/div>\n\n\n\n<div class=\"wp-block-column quadro_info is-layout-flow wp-block-column-is-layout-flow\" style=\"flex-basis:33.33%\">\n<h2 class=\"wp-block-heading\">Informa\u00e7\u00f5es<\/h2>\n\n\n\n<ul class=\"wp-block-list\">\n<li><strong>\u00c1rea:<\/strong> 135,79 ha<\/li>\n\n\n\n<li><strong>Bacia hidrogr\u00e1fica:<\/strong> Lago Parano\u00e1 e Ribeir\u00e3o do Gama<\/li>\n\n\n\n<li><strong>RA:<\/strong> Plano Piloto e Lago Sul<\/li>\n\n\n\n<li><strong>Categoria:<\/strong> Ref\u00fagio de Vida Silvestre<\/li>\n\n\n\n<li><strong>Grupo:<\/strong> Prote\u00e7\u00e3o Integral<\/li>\n\n\n\n<li><strong>Ato de cria\u00e7\u00e3o:<\/strong> Lei N\u00ba 1.594, de 25 de Julho de 1997<\/li>\n<\/ul>\n<\/div>\n<\/div>\n","protected":false},"excerpt":{"rendered":"<p>Um dos objetivos do projeto Conserva Cerrado \u00e9 a revis\u00e3o e ajuste dos limites da Unidade de Conserva\u00e7\u00e3o. De acordo com a legisla\u00e7\u00e3o pertinente, todos poder\u00e3o participar da consulta p\u00fablica, &#8230;<\/p>\n","protected":false},"author":1,"featured_media":0,"parent":0,"menu_order":0,"comment_status":"closed","ping_status":"closed","template":"","meta":{"footnotes":""},"class_list":["post-1869","page","type-page","status-publish","hentry"],"_links":{"self":[{"href":"https:\/\/funatura.org.br\/conservacerrado\/wp-json\/wp\/v2\/pages\/1869","targetHints":{"allow":["GET"]}}],"collection":[{"href":"https:\/\/funatura.org.br\/conservacerrado\/wp-json\/wp\/v2\/pages"}],"about":[{"href":"https:\/\/funatura.org.br\/conservacerrado\/wp-json\/wp\/v2\/types\/page"}],"author":[{"embeddable":true,"href":"https:\/\/funatura.org.br\/conservacerrado\/wp-json\/wp\/v2\/users\/1"}],"replies":[{"embeddable":true,"href":"https:\/\/funatura.org.br\/conservacerrado\/wp-json\/wp\/v2\/comments?post=1869"}],"version-history":[{"count":9,"href":"https:\/\/funatura.org.br\/conservacerrado\/wp-json\/wp\/v2\/pages\/1869\/revisions"}],"predecessor-version":[{"id":2184,"href":"https:\/\/funatura.org.br\/conservacerrado\/wp-json\/wp\/v2\/pages\/1869\/revisions\/2184"}],"wp:attachment":[{"href":"https:\/\/funatura.org.br\/conservacerrado\/wp-json\/wp\/v2\/media?parent=1869"}],"curies":[{"name":"wp","href":"https:\/\/api.w.org\/{rel}","templated":true}]}}