{"id":1861,"date":"2022-07-07T17:44:16","date_gmt":"2022-07-07T17:44:16","guid":{"rendered":"https:\/\/funatura.org.br\/conservacerrado\/?page_id=1861"},"modified":"2022-07-17T18:13:05","modified_gmt":"2022-07-17T18:13:05","slug":"mn-dom-bosco","status":"publish","type":"page","link":"https:\/\/funatura.org.br\/conservacerrado\/mn-dom-bosco\/","title":{"rendered":"Monumento Natural Dom Bosco"},"content":{"rendered":"\n<div class=\"wp-block-cover\"><span aria-hidden=\"true\" class=\"wp-block-cover__background has-background-dim-40 has-background-dim\"><\/span><img loading=\"lazy\" decoding=\"async\" width=\"1501\" height=\"1001\" class=\"wp-block-cover__image-background wp-image-2120\" alt=\"Monumento Natural Dom Bosco\" src=\"https:\/\/funatura.org.br\/conservacerrado\/wp-content\/uploads\/2022\/07\/Capa-MN-Dom_Bosco.jpg\" style=\"object-position:1% 2%\" data-object-fit=\"cover\" data-object-position=\"1% 2%\" srcset=\"https:\/\/funatura.org.br\/conservacerrado\/wp-content\/uploads\/2022\/07\/Capa-MN-Dom_Bosco.jpg 1501w, https:\/\/funatura.org.br\/conservacerrado\/wp-content\/uploads\/2022\/07\/Capa-MN-Dom_Bosco-300x200.jpg 300w, https:\/\/funatura.org.br\/conservacerrado\/wp-content\/uploads\/2022\/07\/Capa-MN-Dom_Bosco-1024x683.jpg 1024w, https:\/\/funatura.org.br\/conservacerrado\/wp-content\/uploads\/2022\/07\/Capa-MN-Dom_Bosco-768x512.jpg 768w\" sizes=\"auto, (max-width: 1501px) 100vw, 1501px\" \/><div class=\"wp-block-cover__inner-container is-layout-flow wp-block-cover-is-layout-flow\">\n<p class=\"has-text-align-center has-white-color has-text-color has-x-large-font-size\"><strong>Monumento Natural Dom Bosco<\/strong><\/p>\n<\/div><\/div>\n\n\n\n<div style=\"height:2rem\" aria-hidden=\"true\" class=\"wp-block-spacer\"><\/div>\n\n\n\n<p>Um dos objetivos do projeto Conserva Cerrado \u00e9 a <strong>elabora\u00e7\u00e3o do Plano de Manejo<\/strong> desta UC. No momento est\u00e1 sendo realizada a consulta p\u00fablica para a unifica\u00e7\u00e3o da \u00c1rea de Relevante Interesse Ecol\u00f3gico &#8211; ARIE Dom Bosco e o Monumento Natural &#8211; MONA Dom Bosco.<\/p>\n\n\n\n<div style=\"height:3rem\" aria-hidden=\"true\" class=\"wp-block-spacer\"><\/div>\n\n\n\n<div class=\"wp-block-columns is-layout-flex wp-container-core-columns-is-layout-9d6595d7 wp-block-columns-is-layout-flex\">\n<div class=\"wp-block-column is-layout-flow wp-block-column-is-layout-flow\" style=\"flex-basis:66.66%\">\n<h2 class=\"wp-block-heading\">A\u00e7\u00f5es para esta Unidade de Conserva\u00e7\u00e3o<\/h2>\n\n\n\n<ul class=\"wp-block-list\"><li>Link para a Consulta P\u00fablica:<br><a rel=\"noreferrer noopener\" href=\"https:\/\/www.ibram.df.gov.br\/consulta-publica-poligonal-do-monumento-natural-dom-bosco\/\" target=\"_blank\">https:\/\/www.ibram.df.gov.br\/consulta-publica-poligonal-do-monumento-natural-dom-bosco\/<\/a><\/li><li>Link para esta Unidade de Conserva\u00e7\u00e3o no Google Maps: <a href=\"https:\/\/goo.gl\/maps\/hx1uyV3SR1GWdqUG9\" target=\"_blank\" rel=\"noreferrer noopener\">https:\/\/goo.gl\/maps\/hx1uyV3SR1GWdqUG9<\/a><\/li><\/ul>\n<\/div>\n\n\n\n<div class=\"wp-block-column quadro_info is-layout-flow wp-block-column-is-layout-flow\" style=\"flex-basis:33.33%\">\n<h2 class=\"wp-block-heading\">Informa\u00e7\u00f5es<\/h2>\n\n\n\n<ul class=\"wp-block-list\"><li><strong>\u00c1rea:<\/strong><br>&#8211; ARIE Setor Habitacional Dom Bosco: 72,66 ha<br>&#8211; Monumento Natural Dom Bosco: 131,30 ha<\/li><li><strong>Bacia hidrogr\u00e1fica:<\/strong> Lago Parano\u00e1<\/li><li><strong>RA:<\/strong> Lago Sul, Plano Piloto e Jardim Bot\u00e2nico<\/li><li><strong>Categoria:<\/strong> \u00c1rea de Relevante Interesse Ecol\u00f3gico (ARIE) e Monumento Natural<\/li><li><strong>Grupo:<\/strong> Uso Sustent\u00e1vel e Prote\u00e7\u00e3o Integral<\/li><li><strong>Ato de cria\u00e7\u00e3o:<\/strong><br>Decreto N\u00ba 21.224, de 26 de Maio de 2000<br>Lei Complementar N\u00ba 219, de 8 de Junho de 1999<\/li><\/ul>\n<\/div>\n<\/div>\n","protected":false},"excerpt":{"rendered":"<p>Um dos objetivos do projeto Conserva Cerrado \u00e9 a elabora\u00e7\u00e3o do Plano de Manejo desta UC. No momento est\u00e1 sendo realizada a consulta p\u00fablica para a unifica\u00e7\u00e3o da \u00c1rea de &#8230;<\/p>\n","protected":false},"author":1,"featured_media":0,"parent":0,"menu_order":0,"comment_status":"closed","ping_status":"closed","template":"","meta":{"footnotes":""},"class_list":["post-1861","page","type-page","status-publish","hentry"],"_links":{"self":[{"href":"https:\/\/funatura.org.br\/conservacerrado\/wp-json\/wp\/v2\/pages\/1861","targetHints":{"allow":["GET"]}}],"collection":[{"href":"https:\/\/funatura.org.br\/conservacerrado\/wp-json\/wp\/v2\/pages"}],"about":[{"href":"https:\/\/funatura.org.br\/conservacerrado\/wp-json\/wp\/v2\/types\/page"}],"author":[{"embeddable":true,"href":"https:\/\/funatura.org.br\/conservacerrado\/wp-json\/wp\/v2\/users\/1"}],"replies":[{"embeddable":true,"href":"https:\/\/funatura.org.br\/conservacerrado\/wp-json\/wp\/v2\/comments?post=1861"}],"version-history":[{"count":7,"href":"https:\/\/funatura.org.br\/conservacerrado\/wp-json\/wp\/v2\/pages\/1861\/revisions"}],"predecessor-version":[{"id":2122,"href":"https:\/\/funatura.org.br\/conservacerrado\/wp-json\/wp\/v2\/pages\/1861\/revisions\/2122"}],"wp:attachment":[{"href":"https:\/\/funatura.org.br\/conservacerrado\/wp-json\/wp\/v2\/media?parent=1861"}],"curies":[{"name":"wp","href":"https:\/\/api.w.org\/{rel}","templated":true}]}}