{"id":1855,"date":"2022-07-07T17:36:12","date_gmt":"2022-07-07T17:36:12","guid":{"rendered":"https:\/\/funatura.org.br\/conservacerrado\/?page_id=1855"},"modified":"2022-07-15T17:23:13","modified_gmt":"2022-07-15T17:23:13","slug":"pe-enseada-norte","status":"publish","type":"page","link":"https:\/\/funatura.org.br\/conservacerrado\/pe-enseada-norte\/","title":{"rendered":"Parque Ecol\u00f3gico da Enseada Norte"},"content":{"rendered":"\n<div class=\"wp-block-cover\"><span aria-hidden=\"true\" class=\"wp-block-cover__background has-background-dim-40 has-background-dim\"><\/span><img loading=\"lazy\" decoding=\"async\" width=\"1501\" height=\"1001\" class=\"wp-block-cover__image-background wp-image-2035\" alt=\"Parque Ecol\u00f3gico da Enseada Norte\" src=\"https:\/\/funatura.org.br\/conservacerrado\/wp-content\/uploads\/2022\/07\/Capa-PE-Enseada_Norte.jpg\" style=\"object-position:50% 0%\" data-object-fit=\"cover\" data-object-position=\"50% 0%\" srcset=\"https:\/\/funatura.org.br\/conservacerrado\/wp-content\/uploads\/2022\/07\/Capa-PE-Enseada_Norte.jpg 1501w, https:\/\/funatura.org.br\/conservacerrado\/wp-content\/uploads\/2022\/07\/Capa-PE-Enseada_Norte-300x200.jpg 300w, https:\/\/funatura.org.br\/conservacerrado\/wp-content\/uploads\/2022\/07\/Capa-PE-Enseada_Norte-1024x683.jpg 1024w, https:\/\/funatura.org.br\/conservacerrado\/wp-content\/uploads\/2022\/07\/Capa-PE-Enseada_Norte-768x512.jpg 768w\" sizes=\"auto, (max-width: 1501px) 100vw, 1501px\" \/><div class=\"wp-block-cover__inner-container is-layout-flow wp-block-cover-is-layout-flow\">\n<p class=\"has-text-align-center has-white-color has-text-color has-x-large-font-size\"><strong>Parque Ecol\u00f3gico da Enseada Norte<\/strong><\/p>\n<\/div><\/div>\n\n\n\n<div style=\"height:2rem\" aria-hidden=\"true\" class=\"wp-block-spacer\"><\/div>\n\n\n\n<p>Um dos objetivos do projeto Conserva Cerrado \u00e9 a <strong>elabora\u00e7\u00e3o do Plano de Manejo<\/strong> desta UC. Todos poder\u00e3o participar da oficina de elabora\u00e7\u00e3o, que ser\u00e1 amplamente divulgada.<\/p>\n\n\n\n<div style=\"height:3rem\" aria-hidden=\"true\" class=\"wp-block-spacer\"><\/div>\n\n\n\n<div class=\"wp-block-columns is-layout-flex wp-container-core-columns-is-layout-9d6595d7 wp-block-columns-is-layout-flex\">\n<div class=\"wp-block-column is-layout-flow wp-block-column-is-layout-flow\" style=\"flex-basis:66.66%\">\n<h2 class=\"wp-block-heading\">A\u00e7\u00f5es para esta Unidade de Conserva\u00e7\u00e3o<\/h2>\n\n\n\n<ul class=\"wp-block-list\"><li><\/li><\/ul>\n<\/div>\n\n\n\n<div class=\"wp-block-column quadro_info is-layout-flow wp-block-column-is-layout-flow\" style=\"flex-basis:33.33%\">\n<h2 class=\"wp-block-heading\">Informa\u00e7\u00f5es<\/h2>\n\n\n\n<ul class=\"wp-block-list\"><li><strong>\u00c1rea:<\/strong> 12,24 ha<\/li><li><strong>Bacia hidrogr\u00e1fica:<\/strong> Lago Parano\u00e1<\/li><li><strong>RA:<\/strong> Plano Piloto<\/li><li><strong>Categoria:<\/strong> Parque Ecol\u00f3gico<\/li><li><strong>Grupo:<\/strong> Uso Sustent\u00e1vel<\/li><li><strong>Ato de cria\u00e7\u00e3o:<\/strong> Decreto N\u00ba 27.472, de 06 de Dezembro de 2006<\/li><\/ul>\n<\/div>\n<\/div>\n","protected":false},"excerpt":{"rendered":"<p>Um dos objetivos do projeto Conserva Cerrado \u00e9 a elabora\u00e7\u00e3o do Plano de Manejo desta UC. Todos poder\u00e3o participar da oficina de elabora\u00e7\u00e3o, que ser\u00e1 amplamente divulgada. A\u00e7\u00f5es para esta &#8230;<\/p>\n","protected":false},"author":1,"featured_media":0,"parent":0,"menu_order":0,"comment_status":"closed","ping_status":"closed","template":"","meta":{"footnotes":""},"class_list":["post-1855","page","type-page","status-publish","hentry"],"_links":{"self":[{"href":"https:\/\/funatura.org.br\/conservacerrado\/wp-json\/wp\/v2\/pages\/1855","targetHints":{"allow":["GET"]}}],"collection":[{"href":"https:\/\/funatura.org.br\/conservacerrado\/wp-json\/wp\/v2\/pages"}],"about":[{"href":"https:\/\/funatura.org.br\/conservacerrado\/wp-json\/wp\/v2\/types\/page"}],"author":[{"embeddable":true,"href":"https:\/\/funatura.org.br\/conservacerrado\/wp-json\/wp\/v2\/users\/1"}],"replies":[{"embeddable":true,"href":"https:\/\/funatura.org.br\/conservacerrado\/wp-json\/wp\/v2\/comments?post=1855"}],"version-history":[{"count":5,"href":"https:\/\/funatura.org.br\/conservacerrado\/wp-json\/wp\/v2\/pages\/1855\/revisions"}],"predecessor-version":[{"id":2078,"href":"https:\/\/funatura.org.br\/conservacerrado\/wp-json\/wp\/v2\/pages\/1855\/revisions\/2078"}],"wp:attachment":[{"href":"https:\/\/funatura.org.br\/conservacerrado\/wp-json\/wp\/v2\/media?parent=1855"}],"curies":[{"name":"wp","href":"https:\/\/api.w.org\/{rel}","templated":true}]}}