{"id":1836,"date":"2022-07-06T23:07:54","date_gmt":"2022-07-06T23:07:54","guid":{"rendered":"https:\/\/funatura.org.br\/conservacerrado\/?page_id=1836"},"modified":"2022-07-15T18:30:28","modified_gmt":"2022-07-15T18:30:28","slug":"pe-peninsula-sul","status":"publish","type":"page","link":"https:\/\/funatura.org.br\/conservacerrado\/pe-peninsula-sul\/","title":{"rendered":"Parque Ecol\u00f3gico Pen\u00ednsula Sul"},"content":{"rendered":"\n<div class=\"wp-block-cover is-light\"><span aria-hidden=\"true\" class=\"wp-block-cover__background has-background-dim-40 has-background-dim\"><\/span><img loading=\"lazy\" decoding=\"async\" width=\"1501\" height=\"1001\" class=\"wp-block-cover__image-background wp-image-2039\" alt=\"Parque Ecol\u00f3gico Pen\u00ednsula Sul\" src=\"https:\/\/funatura.org.br\/conservacerrado\/wp-content\/uploads\/2022\/07\/Capa-PE-Peninsula_Sul.jpg\" style=\"object-position:64% 94%\" data-object-fit=\"cover\" data-object-position=\"64% 94%\" srcset=\"https:\/\/funatura.org.br\/conservacerrado\/wp-content\/uploads\/2022\/07\/Capa-PE-Peninsula_Sul.jpg 1501w, https:\/\/funatura.org.br\/conservacerrado\/wp-content\/uploads\/2022\/07\/Capa-PE-Peninsula_Sul-300x200.jpg 300w, https:\/\/funatura.org.br\/conservacerrado\/wp-content\/uploads\/2022\/07\/Capa-PE-Peninsula_Sul-1024x683.jpg 1024w, https:\/\/funatura.org.br\/conservacerrado\/wp-content\/uploads\/2022\/07\/Capa-PE-Peninsula_Sul-768x512.jpg 768w\" sizes=\"auto, (max-width: 1501px) 100vw, 1501px\" \/><div class=\"wp-block-cover__inner-container is-layout-flow wp-block-cover-is-layout-flow\">\n<p class=\"has-text-align-center has-white-color has-text-color has-x-large-font-size\"><strong>Parque Ecol\u00f3gico Pen\u00ednsula Sul<\/strong><\/p>\n<\/div><\/div>\n\n\n\n<div style=\"height:2rem\" aria-hidden=\"true\" class=\"wp-block-spacer\"><\/div>\n\n\n\n<p>Um dos objetivos do projeto Conserva Cerrado \u00e9 a <strong>elabora\u00e7\u00e3o do Plano de Manejo<\/strong> desta UC. As visitas t\u00e9cnicas j\u00e1 est\u00e3o em andamento. O PE do Lago Sul \u00e9 a unifica\u00e7\u00e3o do Parque Ecol\u00f3gico Pen\u00ednsula Sul e Parque Ecol\u00f3gico do Anfiteatro Natural do Lago Sul.<\/p>\n\n\n\n<div style=\"height:3rem\" aria-hidden=\"true\" class=\"wp-block-spacer\"><\/div>\n\n\n\n<div class=\"wp-block-columns is-layout-flex wp-container-core-columns-is-layout-9d6595d7 wp-block-columns-is-layout-flex\">\n<div class=\"wp-block-column is-layout-flow wp-block-column-is-layout-flow\" style=\"flex-basis:66.66%\">\n<h2 class=\"wp-block-heading\">A\u00e7\u00f5es para esta Unidade de Conserva\u00e7\u00e3o<\/h2>\n\n\n\n<ul class=\"wp-block-list\"><li>Link para esta Unidade de Conserva\u00e7\u00e3o no Google Maps: <a href=\"https:\/\/g.page\/kitebrasilia?share\" target=\"_blank\" rel=\"noreferrer noopener\">https:\/\/g.page\/kitebrasilia?share<\/a><\/li><\/ul>\n<\/div>\n\n\n\n<div class=\"wp-block-column quadro_info is-layout-flow wp-block-column-is-layout-flow\" style=\"flex-basis:33.33%\">\n<h2 class=\"wp-block-heading\">Informa\u00e7\u00f5es<\/h2>\n\n\n\n<ul class=\"wp-block-list\"><li><strong>\u00c1rea:<\/strong> 30,80 ha<\/li><li><strong>Bacia hidrogr\u00e1fica:<\/strong> Lago Parano\u00e1<\/li><li><strong>RA:<\/strong> Plano Piloto e Lago Sul<\/li><li><strong>Categoria:<\/strong> Parque Ecol\u00f3gico<\/li><li><strong>Grupo:<\/strong> Uso Sustent\u00e1vel<\/li><li><strong>Ato de cria\u00e7\u00e3o:<\/strong><br>Decreto N\u00ba 24.214, de 12 de Novembro de 2003<br>Lei Complementar N\u00ba 57, de 14 de Janeiro de 1998<\/li><\/ul>\n<\/div>\n<\/div>\n\n\n\n<p><\/p>\n","protected":false},"excerpt":{"rendered":"<p>Um dos objetivos do projeto Conserva Cerrado \u00e9 a elabora\u00e7\u00e3o do Plano de Manejo desta UC. As visitas t\u00e9cnicas j\u00e1 est\u00e3o em andamento. O PE do Lago Sul \u00e9 a &#8230;<\/p>\n","protected":false},"author":1,"featured_media":0,"parent":0,"menu_order":0,"comment_status":"closed","ping_status":"closed","template":"","meta":{"footnotes":""},"class_list":["post-1836","page","type-page","status-publish","hentry"],"_links":{"self":[{"href":"https:\/\/funatura.org.br\/conservacerrado\/wp-json\/wp\/v2\/pages\/1836","targetHints":{"allow":["GET"]}}],"collection":[{"href":"https:\/\/funatura.org.br\/conservacerrado\/wp-json\/wp\/v2\/pages"}],"about":[{"href":"https:\/\/funatura.org.br\/conservacerrado\/wp-json\/wp\/v2\/types\/page"}],"author":[{"embeddable":true,"href":"https:\/\/funatura.org.br\/conservacerrado\/wp-json\/wp\/v2\/users\/1"}],"replies":[{"embeddable":true,"href":"https:\/\/funatura.org.br\/conservacerrado\/wp-json\/wp\/v2\/comments?post=1836"}],"version-history":[{"count":13,"href":"https:\/\/funatura.org.br\/conservacerrado\/wp-json\/wp\/v2\/pages\/1836\/revisions"}],"predecessor-version":[{"id":2097,"href":"https:\/\/funatura.org.br\/conservacerrado\/wp-json\/wp\/v2\/pages\/1836\/revisions\/2097"}],"wp:attachment":[{"href":"https:\/\/funatura.org.br\/conservacerrado\/wp-json\/wp\/v2\/media?parent=1836"}],"curies":[{"name":"wp","href":"https:\/\/api.w.org\/{rel}","templated":true}]}}