{"id":1789,"date":"2022-05-13T23:35:15","date_gmt":"2022-05-13T23:35:15","guid":{"rendered":"https:\/\/pinealcomunicacao.com.br\/conservacerrado\/?page_id=1789"},"modified":"2023-03-16T13:40:50","modified_gmt":"2023-03-16T13:40:50","slug":"equipe","status":"publish","type":"page","link":"https:\/\/funatura.org.br\/conservacerrado\/equipe\/","title":{"rendered":"Equipe"},"content":{"rendered":"\n<h1 class=\"wp-block-heading\" id=\"mara\">Mara Cristina Moscoso<\/h1>\n\n\n\n<p><strong>Coordena\u00e7\u00e3o Geral<\/strong><\/p>\n\n\n<div class=\"wp-block-image\">\n<figure class=\"alignleft size-full is-resized\"><img loading=\"lazy\" decoding=\"async\" src=\"https:\/\/funatura.org.br\/conservacerrado\/wp-content\/uploads\/2022\/07\/EquipePi-Mara.jpg\" alt=\"\" class=\"wp-image-2090\" width=\"225\" height=\"225\" srcset=\"https:\/\/funatura.org.br\/conservacerrado\/wp-content\/uploads\/2022\/07\/EquipePi-Mara.jpg 800w, https:\/\/funatura.org.br\/conservacerrado\/wp-content\/uploads\/2022\/07\/EquipePi-Mara-300x300.jpg 300w, https:\/\/funatura.org.br\/conservacerrado\/wp-content\/uploads\/2022\/07\/EquipePi-Mara-150x150.jpg 150w, https:\/\/funatura.org.br\/conservacerrado\/wp-content\/uploads\/2022\/07\/EquipePi-Mara-768x768.jpg 768w\" sizes=\"auto, (max-width: 225px) 100vw, 225px\" \/><\/figure>\n<\/div>\n\n\n<p>Ge\u00f3grafa, consultora s\u00eanior. Atua profissionalmente como coordenadora de projetos nas \u00e1reas de gest\u00e3o socioambiental, turismo ecocultural, solu\u00e7\u00f5es baseadas na natureza, cria\u00e7\u00e3o e implementa\u00e7\u00e3o de unidades de conserva\u00e7\u00e3o p\u00fablicas e particulares, elabora\u00e7\u00e3o de pol\u00edticas p\u00fablicas, articula\u00e7\u00e3o institucional e governan\u00e7a, desenvolvimento de instrumentos de gest\u00e3o ambiental e territorial sustent\u00e1vel, tais como mosaico de \u00e1reas protegidas, reservas da biosfera e corredores ecol\u00f3gicos. Propriet\u00e1ria da empresa Flor do Cerrado Consultoria Socioambiental. Fundadora e membro da Coordena\u00e7\u00e3o Colegiada do F\u00f3rum de ONGs Ambientalistas do DF, Diretora Geral da ONG ProAnima, conselheira da APA do Planalto Central e membro do Colegiado Deliberativo dos Caminhos do Planalto Central (DF).<\/p>\n\n\n\n<div style=\"height:30px\" aria-hidden=\"true\" class=\"wp-block-spacer\"><\/div>\n\n\n\n<h1 class=\"wp-block-heading\" id=\"elaine\">Elaine Cristina Teixeira Pinto<\/h1>\n\n\n\n<p><strong>Coordena\u00e7\u00e3o T\u00e9cnica<\/strong><\/p>\n\n\n<div class=\"wp-block-image\">\n<figure class=\"alignleft size-full is-resized\"><img loading=\"lazy\" decoding=\"async\" src=\"https:\/\/funatura.org.br\/conservacerrado\/wp-content\/uploads\/2022\/07\/EquipePi-Elaine.jpg\" alt=\"\" class=\"wp-image-1975\" width=\"225\" height=\"225\" srcset=\"https:\/\/funatura.org.br\/conservacerrado\/wp-content\/uploads\/2022\/07\/EquipePi-Elaine.jpg 998w, https:\/\/funatura.org.br\/conservacerrado\/wp-content\/uploads\/2022\/07\/EquipePi-Elaine-300x300.jpg 300w, https:\/\/funatura.org.br\/conservacerrado\/wp-content\/uploads\/2022\/07\/EquipePi-Elaine-150x150.jpg 150w, https:\/\/funatura.org.br\/conservacerrado\/wp-content\/uploads\/2022\/07\/EquipePi-Elaine-768x766.jpg 768w\" sizes=\"auto, (max-width: 225px) 100vw, 225px\" \/><\/figure>\n<\/div>\n\n\n<p>Bi\u00f3loga, Mestre em Ecologia e Conserva\u00e7\u00e3o. Atua h\u00e1 mais de 20 anos em capacita\u00e7\u00e3o, planejamento, gest\u00e3o e avalia\u00e7\u00e3o de programas e projetos de conserva\u00e7\u00e3o e restaura\u00e7\u00e3o da natureza, incluindo a cria\u00e7\u00e3o e gest\u00e3o de \u00e1reas protegidas no Cerrado e Pantanal. No Conserva Cerrado desempenha o papel de Coordena\u00e7\u00e3o de Estudos T\u00e9cnicos e dos Planos de Manejo.<\/p>\n\n\n\n<div style=\"height:30px\" aria-hidden=\"true\" class=\"wp-block-spacer\"><\/div>\n\n\n\n<h1 class=\"wp-block-heading\" id=\"juliana\">Juliana Bragan\u00e7a Campos<\/h1>\n\n\n\n<p><strong>Assistente de Coordena\u00e7\u00e3o<\/strong><\/p>\n\n\n<div class=\"wp-block-image\">\n<figure class=\"alignleft size-full is-resized\"><img loading=\"lazy\" decoding=\"async\" src=\"https:\/\/funatura.org.br\/conservacerrado\/wp-content\/uploads\/2022\/07\/EquipePi-Juliana.jpg\" alt=\"\" class=\"wp-image-1979\" width=\"225\" height=\"225\" srcset=\"https:\/\/funatura.org.br\/conservacerrado\/wp-content\/uploads\/2022\/07\/EquipePi-Juliana.jpg 766w, https:\/\/funatura.org.br\/conservacerrado\/wp-content\/uploads\/2022\/07\/EquipePi-Juliana-300x300.jpg 300w, https:\/\/funatura.org.br\/conservacerrado\/wp-content\/uploads\/2022\/07\/EquipePi-Juliana-150x150.jpg 150w\" sizes=\"auto, (max-width: 225px) 100vw, 225px\" \/><\/figure>\n<\/div>\n\n\n<p>Bi\u00f3loga, com MBA em meio ambiente e p\u00f3s-gradua\u00e7\u00e3o em organiza\u00e7\u00e3o p\u00fablica. Atua h\u00e1 mais de 15 anos com diversos modelos de estudos ambientais, licenciamento ambiental, avalia\u00e7\u00e3o de impactos, monitoramento, elabora\u00e7\u00e3o de programas ambientais, entre outros. possui experi\u00eancia profissional em projetos ambientais em todas as regi\u00f5es do Brasil e entre sistemas de produ\u00e7\u00e3o agropecu\u00e1ria e meio ambiente. Realizei levantamentos <em>in locu<\/em> como subs\u00eddio para estudos de impacto ambiental e respectivo relat\u00f3rios em rodovias, linhas de transmiss\u00e3o, PCH, ferrovias e P\u00f3lo Sider\u00fargico. Levantamentos de campo, compila\u00e7\u00e3o e elabora\u00e7\u00e3o de meio bi\u00f3tico para Planos de Manejo em Unidades de Conserva\u00e7\u00e3o Federal, Estadual, RPPNs, APA e Monumento Natural. Consultora na FAO e GIZ. Atualmente sou consultora no NAP\/IISD e na FUNATURA.<\/p>\n\n\n\n<div style=\"height:30px\" aria-hidden=\"true\" class=\"wp-block-spacer\"><\/div>\n\n\n\n<h1 class=\"wp-block-heading\" id=\"paulo\">Paulo Henrique Gon\u00e7alves de Souza<\/h1>\n\n\n\n<p><strong>Administrativo\/Financeiro<\/strong><\/p>\n\n\n<div class=\"wp-block-image\">\n<figure class=\"alignleft size-large is-resized\"><img loading=\"lazy\" decoding=\"async\" src=\"https:\/\/funatura.org.br\/conservacerrado\/wp-content\/uploads\/2022\/07\/EquipePi-Paulo-1024x1024.jpg\" alt=\"\" class=\"wp-image-2085\" width=\"225\" height=\"225\" srcset=\"https:\/\/funatura.org.br\/conservacerrado\/wp-content\/uploads\/2022\/07\/EquipePi-Paulo-1024x1024.jpg 1024w, https:\/\/funatura.org.br\/conservacerrado\/wp-content\/uploads\/2022\/07\/EquipePi-Paulo-300x300.jpg 300w, https:\/\/funatura.org.br\/conservacerrado\/wp-content\/uploads\/2022\/07\/EquipePi-Paulo-150x150.jpg 150w, https:\/\/funatura.org.br\/conservacerrado\/wp-content\/uploads\/2022\/07\/EquipePi-Paulo-768x768.jpg 768w, https:\/\/funatura.org.br\/conservacerrado\/wp-content\/uploads\/2022\/07\/EquipePi-Paulo-1536x1536.jpg 1536w, https:\/\/funatura.org.br\/conservacerrado\/wp-content\/uploads\/2022\/07\/EquipePi-Paulo.jpg 2000w\" sizes=\"auto, (max-width: 225px) 100vw, 225px\" \/><\/figure>\n<\/div>\n\n\n<p>Paulo Henrique G. De Souza \u00e9 formado em Gest\u00e3o Ambiental pela Universidade Cat\u00f3lica de Bras\u00edlia (UCB\/2012. Presta servi\u00e7os para a Funatura desde maio de 1999 e, em 2008, passou a desempenhar a fun\u00e7\u00e3o de coordenador administrativo e financeiro de projetos executados pela funda\u00e7\u00e3o. Nesta fun\u00e7\u00e3o, foi respons\u00e1vel pela execu\u00e7\u00e3o financeira de projetos apoiados por diferentes institui\u00e7\u00f5es e fontes de recursos \u2013 organiza\u00e7\u00f5es nacionais, internacionais, p\u00fablicas, privadas e do terceiro setor. Um exemplo \u00e9 o Projeto Reservas Privadas no Cerrado, Fundo de Parceria para Ecossistemas Cr\u00edticos (CEPF), desde outubro de 2019.<\/p>\n\n\n\n<div style=\"height:30px\" aria-hidden=\"true\" class=\"wp-block-spacer\"><\/div>\n\n\n\n<h1 class=\"wp-block-heading\" id=\"ingrid\">Ingrid Silveira<\/h1>\n\n\n\n<p><strong>Assessoria de Comunica\u00e7\u00e3o<\/strong><\/p>\n\n\n<div class=\"wp-block-image\">\n<figure class=\"alignleft size-large is-resized\"><img loading=\"lazy\" decoding=\"async\" src=\"https:\/\/funatura.org.br\/conservacerrado\/wp-content\/uploads\/2022\/07\/EquipePi-Ingrid-1024x1015.jpg\" alt=\"\" class=\"wp-image-1977\" width=\"225\" height=\"225\"\/><\/figure>\n<\/div>\n\n\n<p>Jornalista formada pelo Instituto de Educa\u00e7\u00e3o Superior de Bras\u00edlia, cursa p\u00f3s-gradua\u00e7\u00e3o em Sustentabilidade: Organiza\u00e7\u00f5es, Neg\u00f3cios e Meio Ambiente. Por anos, atuou como rep\u00f3rter em diferentes ve\u00edculos de TV, r\u00e1dio e revista. Em 2009, abra\u00e7ou a pauta ambiental e desde ent\u00e3o coordena projetos e estrat\u00e9gias de comunica\u00e7\u00e3o e mobiliza\u00e7\u00e3o socioambiental, fazendo a interface entre grandes organiza\u00e7\u00f5es p\u00fablicas e privadas, ONGs e comunidades quilombolas, ind\u00edgenas, tradicionais e rurais. Possui forma\u00e7\u00e3o complementar em Modelos de Autogest\u00e3o Sociocr\u00e1ticos, Dragon Dreaming, Design de Rela\u00e7\u00f5es, Organiza\u00e7\u00f5es e Informa\u00e7\u00f5es, Facilita\u00e7\u00e3o de grupos e di\u00e1logos, Mobiliza\u00e7\u00e3o de Redes, Comunica\u00e7\u00e3o Assertiva e Colabora\u00e7\u00e3o entre Equipes, Design Thinking, Visual Thinking e Teoria Integral.<\/p>\n\n\n\n<div style=\"height:30px\" aria-hidden=\"true\" class=\"wp-block-spacer\"><\/div>\n\n\n\n<div style=\"height:30px\" aria-hidden=\"true\" class=\"wp-block-spacer\"><\/div>\n\n\n\n<h1 class=\"wp-block-heading\" id=\"maria\">Maria do Carmo Bar\u00eaa Coutinho Ferreira<\/h1>\n\n\n\n<p><strong>Coordenadora<\/strong><strong> Socioecon\u00f4mico e Mobiliza\u00e7\u00e3o Social<\/strong><\/p>\n\n\n<div class=\"wp-block-image\">\n<figure class=\"alignleft size-full is-resized\"><img loading=\"lazy\" decoding=\"async\" src=\"https:\/\/funatura.org.br\/conservacerrado\/wp-content\/uploads\/2022\/07\/EquipePi-Maria_do_Carmo.jpg\" alt=\"\" class=\"wp-image-1981\" width=\"225\" height=\"225\" srcset=\"https:\/\/funatura.org.br\/conservacerrado\/wp-content\/uploads\/2022\/07\/EquipePi-Maria_do_Carmo.jpg 898w, https:\/\/funatura.org.br\/conservacerrado\/wp-content\/uploads\/2022\/07\/EquipePi-Maria_do_Carmo-300x300.jpg 300w, https:\/\/funatura.org.br\/conservacerrado\/wp-content\/uploads\/2022\/07\/EquipePi-Maria_do_Carmo-150x150.jpg 150w, https:\/\/funatura.org.br\/conservacerrado\/wp-content\/uploads\/2022\/07\/EquipePi-Maria_do_Carmo-768x768.jpg 768w\" sizes=\"auto, (max-width: 225px) 100vw, 225px\" \/><\/figure>\n<\/div>\n\n\n<p>Bi\u00f3loga, mestre em ci\u00eancias sociais e especialista em meio ambiente e turismo, com 30 anos de experi\u00eancia profissional. Atua na \u00e1rea de socioeconomia e sustentabilidade ambiental em projetos relacionados a gest\u00e3o e planejamento em \u00e1reas com relevante interesse ecol\u00f3gico, com \u00eanfase em visita\u00e7\u00e3o p\u00fablica e comunidades tradicionais. Possui experi\u00eancias em todos os biomas brasileiros atuando em a\u00e7\u00f5es de capacita\u00e7\u00e3o em gest\u00e3o ambiental; em projetos para empreendimentos em ecoturismo, para trilhas interpretativas e educa\u00e7\u00e3o ambiental; em planos de manejo de unidades de conserva\u00e7\u00e3o e na modera\u00e7\u00e3o de oficinas participativas para planejamento estrat\u00e9gico.<\/p>\n\n\n\n<div style=\"height:30px\" aria-hidden=\"true\" class=\"wp-block-spacer\"><\/div>\n\n\n\n<h1 class=\"wp-block-heading\" id=\"pedro\">Pedro Moura Freire<\/h1>\n\n\n\n<p><strong>Coordenador<\/strong><strong> Meio F\u00edsico<\/strong><\/p>\n\n\n<div class=\"wp-block-image\">\n<figure class=\"alignleft size-full is-resized\"><img loading=\"lazy\" decoding=\"async\" src=\"https:\/\/funatura.org.br\/conservacerrado\/wp-content\/uploads\/2022\/07\/EquipePi-Pedro.jpg\" alt=\"\" class=\"wp-image-1985\" width=\"225\" height=\"225\" srcset=\"https:\/\/funatura.org.br\/conservacerrado\/wp-content\/uploads\/2022\/07\/EquipePi-Pedro.jpg 768w, https:\/\/funatura.org.br\/conservacerrado\/wp-content\/uploads\/2022\/07\/EquipePi-Pedro-300x300.jpg 300w, https:\/\/funatura.org.br\/conservacerrado\/wp-content\/uploads\/2022\/07\/EquipePi-Pedro-150x150.jpg 150w\" sizes=\"auto, (max-width: 225px) 100vw, 225px\" \/><\/figure>\n<\/div>\n\n\n<p>Ge\u00f3logo, com 12 anos de experi\u00eancia profissional. Atua na \u00e1rea de Sistema de Informa\u00e7\u00e3o Geogr\u00e1fica (SIG), geof\u00edsica e estudos de meio f\u00edsico em unidades de conserva\u00e7\u00e3o. Os trabalhos t\u00e9cnicos relacionam a geologia, hidrografia, pedologia, geotecnia e geomorfologia no aux\u00edlio da gest\u00e3o e cria\u00e7\u00e3o de \u00e1reas protegidas.<\/p>\n\n\n\n<div style=\"height:30px\" aria-hidden=\"true\" class=\"wp-block-spacer\"><\/div>\n\n\n\n<h1 class=\"wp-block-heading\" id=\"miguel\">Miguel Marinho Vieira Brand\u00e3o<\/h1>\n\n\n\n<p><strong>Coordenador Meio Bi\u00f3tico \u2013 Flora<\/strong><\/p>\n\n\n<div class=\"wp-block-image\">\n<figure class=\"alignleft size-full is-resized\"><img loading=\"lazy\" decoding=\"async\" src=\"https:\/\/funatura.org.br\/conservacerrado\/wp-content\/uploads\/2022\/07\/EquipePi-Miguel.jpg\" alt=\"\" class=\"wp-image-1982\" width=\"225\" height=\"225\" srcset=\"https:\/\/funatura.org.br\/conservacerrado\/wp-content\/uploads\/2022\/07\/EquipePi-Miguel.jpg 612w, https:\/\/funatura.org.br\/conservacerrado\/wp-content\/uploads\/2022\/07\/EquipePi-Miguel-150x150.jpg 150w\" sizes=\"auto, (max-width: 225px) 100vw, 225px\" \/><\/figure>\n<\/div>\n\n\n<p>Miguel Marinho \u00e9 Engenheiro Florestal e possui 15 anos de experi\u00eancia profissional em estudos de flora e manejo da vegeta\u00e7\u00e3o. Atua como coordenador de projetos nas \u00e1reas de gest\u00e3o e planejamento territorial, caracteriza\u00e7\u00e3o da vegeta\u00e7\u00e3o e planos de manejo, invent\u00e1rios florestais, mapeamento, recupera\u00e7\u00e3o de \u00e1reas degradadas em larga escala, conserva\u00e7\u00e3o do solo, recomposi\u00e7\u00e3o da vegeta\u00e7\u00e3o nativa, projetos executivos de implanta\u00e7\u00e3o e manejo da vegeta\u00e7\u00e3o nativa. Atua na elabora\u00e7\u00e3o de planos, programas, projetos executivos, e como coordenador de equipes t\u00e9cnicas, execu\u00e7\u00e3o de projetos de plantio, instala\u00e7\u00e3o de viveiros, monitoramento e manejo da vegeta\u00e7\u00e3o nativa. Ministra cursos profissionalizantes nas \u00e1reas de conserva\u00e7\u00e3o dos solos, produ\u00e7\u00e3o de sementes, viveiros e projetos florestais.<\/p>\n\n\n\n<div style=\"height:30px\" aria-hidden=\"true\" class=\"wp-block-spacer\"><\/div>\n\n\n\n<h1 class=\"wp-block-heading\" id=\"milton\">Milton Jos\u00e9 Goes<\/h1>\n\n\n\n<p><strong>Diagrama\u00e7\u00e3o e arte<\/strong><\/p>\n\n\n<div class=\"wp-block-image\">\n<figure class=\"alignleft size-large is-resized\"><img loading=\"lazy\" decoding=\"async\" src=\"https:\/\/funatura.org.br\/conservacerrado\/wp-content\/uploads\/2022\/07\/EquipePi-Milton-1024x1024.jpg\" alt=\"\" class=\"wp-image-1983\" width=\"225\" height=\"225\" srcset=\"https:\/\/funatura.org.br\/conservacerrado\/wp-content\/uploads\/2022\/07\/EquipePi-Milton-1024x1024.jpg 1024w, https:\/\/funatura.org.br\/conservacerrado\/wp-content\/uploads\/2022\/07\/EquipePi-Milton-300x300.jpg 300w, https:\/\/funatura.org.br\/conservacerrado\/wp-content\/uploads\/2022\/07\/EquipePi-Milton-150x150.jpg 150w, https:\/\/funatura.org.br\/conservacerrado\/wp-content\/uploads\/2022\/07\/EquipePi-Milton-768x768.jpg 768w, https:\/\/funatura.org.br\/conservacerrado\/wp-content\/uploads\/2022\/07\/EquipePi-Milton.jpg 1050w\" sizes=\"auto, (max-width: 225px) 100vw, 225px\" \/><\/figure>\n<\/div>\n\n\n<p>Designer gr\u00e1fico aut\u00f4nomo, presta servi\u00e7os a empresas, \u00f3rg\u00e3os p\u00fablicos e organiza\u00e7\u00f5es n\u00e3o governamentais, em Bras\u00edlia (DF). A partir de 2000, aliou a atividade profissional na empresa 3 GAP Com\u00e9rcio, Editora e Eventos Ltda. com o interesse pelas quest\u00f5es ambientais, dedicando-se, preferencialmente, \u00e0 cria\u00e7\u00e3o e produ\u00e7\u00e3o de pe\u00e7as sobre essa tem\u00e1tica. Atualmente, \u00e9 respons\u00e1vel pelo&nbsp;<em>design<\/em>&nbsp;das pe\u00e7as promocionais e institucionais da Funatura, uma das mais importantes e respeitadas organiza\u00e7\u00f5es n\u00e3o-governamentais brasileiras, com mais de 30 anos de atua\u00e7\u00e3o em todos os biomas do Brasil e cuja sede est\u00e1 em Bras\u00edlia.<\/p>\n\n\n\n<div style=\"height:30px\" aria-hidden=\"true\" class=\"wp-block-spacer\"><\/div>\n\n\n\n<h1 class=\"wp-block-heading\" id=\"suzana\">Suzana Corr\u00eaa de Lima Ulian Co\u00ealho<\/h1>\n\n\n\n<p><strong>Revis\u00e3o de texto<\/strong><\/p>\n\n\n<div class=\"wp-block-image\">\n<figure class=\"alignleft size-full is-resized\"><img loading=\"lazy\" decoding=\"async\" src=\"https:\/\/funatura.org.br\/conservacerrado\/wp-content\/uploads\/2022\/07\/EquipePi-Suzana.jpg\" alt=\"\" class=\"wp-image-1986\" width=\"225\" height=\"225\" srcset=\"https:\/\/funatura.org.br\/conservacerrado\/wp-content\/uploads\/2022\/07\/EquipePi-Suzana.jpg 477w, https:\/\/funatura.org.br\/conservacerrado\/wp-content\/uploads\/2022\/07\/EquipePi-Suzana-300x300.jpg 300w, https:\/\/funatura.org.br\/conservacerrado\/wp-content\/uploads\/2022\/07\/EquipePi-Suzana-150x150.jpg 150w\" sizes=\"auto, (max-width: 225px) 100vw, 225px\" \/><\/figure>\n<\/div>\n\n\n<p>Suzana Co\u00ealho \u00e9 formada em Rela\u00e7\u00f5es Internacionais e licenciada em Letras, com habilita\u00e7\u00e3o em Portugu\u00eas e Ingl\u00eas e especializa\u00e7\u00e3o em Metodologia do Ensino da L\u00edngua Portuguesa. Atua como revisora e redatora de textos h\u00e1 20 anos e possui larga experi\u00eancia em elabora\u00e7\u00e3o de conte\u00fados e materiais did\u00e1ticos, levantamento de necessidades de treinamento e planejamento, execu\u00e7\u00e3o e avalia\u00e7\u00e3o de cursos.<\/p>\n\n\n\n<div style=\"height:30px\" aria-hidden=\"true\" class=\"wp-block-spacer\"><\/div>\n\n\n\n<h1 class=\"wp-block-heading\" id=\"gustavo\">Gustavo Vaz Gontijo<\/h1>\n\n\n\n<p><strong>Tecnologia da Informa\u00e7\u00e3o<\/strong><\/p>\n\n\n<div class=\"wp-block-image\">\n<figure class=\"alignleft size-full is-resized\"><img loading=\"lazy\" decoding=\"async\" src=\"https:\/\/funatura.org.br\/conservacerrado\/wp-content\/uploads\/2022\/07\/EquipePi-Gustavo.jpg\" alt=\"\" class=\"wp-image-1976\" width=\"225\" height=\"225\" srcset=\"https:\/\/funatura.org.br\/conservacerrado\/wp-content\/uploads\/2022\/07\/EquipePi-Gustavo.jpg 960w, https:\/\/funatura.org.br\/conservacerrado\/wp-content\/uploads\/2022\/07\/EquipePi-Gustavo-300x300.jpg 300w, https:\/\/funatura.org.br\/conservacerrado\/wp-content\/uploads\/2022\/07\/EquipePi-Gustavo-150x150.jpg 150w, https:\/\/funatura.org.br\/conservacerrado\/wp-content\/uploads\/2022\/07\/EquipePi-Gustavo-768x768.jpg 768w\" sizes=\"auto, (max-width: 225px) 100vw, 225px\" \/><\/figure>\n<\/div>\n\n\n<p>Gustavo Gontijo \u00e9 Engenheiro Mec\u00e2nico e Doutor em Sistemas Mecatr\u00f4nicos. \u00c9 consultor em organiza\u00e7\u00f5es nacionais e internacionais nas \u00e1reas de Efici\u00eancia Energ\u00e9tica, Energias Renov\u00e1veis, Organiza\u00e7\u00e3o Industrial e Tecnologia da Informa\u00e7\u00e3o.<\/p>\n\n\n\n<div style=\"height:30px\" aria-hidden=\"true\" class=\"wp-block-spacer\"><\/div>\n","protected":false},"excerpt":{"rendered":"<p>Mara Cristina Moscoso Coordena\u00e7\u00e3o Geral Ge\u00f3grafa, consultora s\u00eanior. Atua profissionalmente como coordenadora de projetos nas \u00e1reas de gest\u00e3o socioambiental, turismo ecocultural, solu\u00e7\u00f5es baseadas na natureza, cria\u00e7\u00e3o e implementa\u00e7\u00e3o de unidades &#8230;<\/p>\n","protected":false},"author":1,"featured_media":0,"parent":0,"menu_order":0,"comment_status":"closed","ping_status":"closed","template":"","meta":{"footnotes":""},"class_list":["post-1789","page","type-page","status-publish","hentry"],"_links":{"self":[{"href":"https:\/\/funatura.org.br\/conservacerrado\/wp-json\/wp\/v2\/pages\/1789","targetHints":{"allow":["GET"]}}],"collection":[{"href":"https:\/\/funatura.org.br\/conservacerrado\/wp-json\/wp\/v2\/pages"}],"about":[{"href":"https:\/\/funatura.org.br\/conservacerrado\/wp-json\/wp\/v2\/types\/page"}],"author":[{"embeddable":true,"href":"https:\/\/funatura.org.br\/conservacerrado\/wp-json\/wp\/v2\/users\/1"}],"replies":[{"embeddable":true,"href":"https:\/\/funatura.org.br\/conservacerrado\/wp-json\/wp\/v2\/comments?post=1789"}],"version-history":[{"count":18,"href":"https:\/\/funatura.org.br\/conservacerrado\/wp-json\/wp\/v2\/pages\/1789\/revisions"}],"predecessor-version":[{"id":2188,"href":"https:\/\/funatura.org.br\/conservacerrado\/wp-json\/wp\/v2\/pages\/1789\/revisions\/2188"}],"wp:attachment":[{"href":"https:\/\/funatura.org.br\/conservacerrado\/wp-json\/wp\/v2\/media?parent=1789"}],"curies":[{"name":"wp","href":"https:\/\/api.w.org\/{rel}","templated":true}]}}