{"id":1682,"date":"2022-04-18T13:48:11","date_gmt":"2022-04-18T13:48:11","guid":{"rendered":"https:\/\/pinealcomunicacao.com.br\/conservacerrado\/?page_id=1682"},"modified":"2022-07-15T18:17:29","modified_gmt":"2022-07-15T18:17:29","slug":"projeto","status":"publish","type":"page","link":"https:\/\/funatura.org.br\/conservacerrado\/projeto\/","title":{"rendered":"Projeto"},"content":{"rendered":"\n<div class=\"wp-block-columns is-layout-flex wp-container-core-columns-is-layout-9d6595d7 wp-block-columns-is-layout-flex\">\n<div class=\"wp-block-column is-layout-flow wp-block-column-is-layout-flow\" style=\"flex-basis:66.66%\">\n<p>O Governo do Distrito Federal, por meio do Bras\u00edlia Ambiental (Ibram), firmou Acordo de Coopera\u00e7\u00e3o T\u00e9cnica com a Funda\u00e7\u00e3o Banco do Brasil (FBB) para executar os recursos provenientes de Projetos de Compensa\u00e7\u00e3o Florestal \u2013 Plano de Diretrizes para Aplica\u00e7\u00e3o de Recursos da Compensa\u00e7\u00e3o Ambiental (PDAR) 2020-2022. Dessa parceria inovadora, surgiu o Projeto Conserva Cerrado, cujo objetivo \u00e9 realizar a\u00e7\u00f5es para a melhoria no planejamento e gest\u00e3o de UCs.<\/p>\n\n\n\n<p>Em maio de 2021, foi publicado o Edital de Sele\u00e7\u00e3o P\u00fablica n<sup>o<\/sup> 2021\/006 para a execu\u00e7\u00e3o do Projeto Conserva Cerrado, e a Funda\u00e7\u00e3o Pr\u00f3-Natureza foi habilitada a realizar os servi\u00e7os de consultoria especializada. Em dezembro de 2021, a Funatura e a FBB firmaram o Conv\u00eanio de Coopera\u00e7\u00e3o Financeira n<sup>o<\/sup> 21.279\/2021.<\/p>\n\n\n\n<p>O Projeto Conserva Cerrado possui tr\u00eas objetivos espec\u00edficos: (1) (Re)defini\u00e7\u00e3o de poligonais e (re)categoriza\u00e7\u00e3o de UCs distritais; (2) Elabora\u00e7\u00e3o de planos de manejo de UCs; e (3) Subsidiar a cria\u00e7\u00e3o e gest\u00e3o de \u00e1reas protegidas. As principais atividades s\u00e3o a revis\u00e3o de poligonais, o levantamento, por dados secund\u00e1rios, de informa\u00e7\u00f5es do meio f\u00edsico, meio bi\u00f3tico e socioecon\u00f4mico para justificar a recategoriza\u00e7\u00e3o e cria\u00e7\u00e3o de UCs; e a elabora\u00e7\u00e3o da caracteriza\u00e7\u00e3o socioambiental para subsidiar os planos de manejo. Al\u00e9m disso, o projeto prev\u00ea a\u00e7\u00f5es de mobiliza\u00e7\u00e3o social para que seja garantida a participa\u00e7\u00e3o da sociedade em todas as etapas desenvolvidas.<\/p>\n\n\n\n<p>Tendo em vista a pandemia causada pela Covid-19 e a recomenda\u00e7\u00e3o de que eventos com aglomera\u00e7\u00e3o sejam evitados, as oficinas para elabora\u00e7\u00e3o dos planos de manejo ser\u00e3o realizadas em ambiente virtual. No decorrer do projeto, contudo, essa alternativa poder\u00e1 ser repensada, observando-se as orienta\u00e7\u00f5es dos \u00f3rg\u00e3os oficiais de sa\u00fade.<\/p>\n\n\n\n<p>O Plano de Prioriza\u00e7\u00e3o das Unidades de Conserva\u00e7\u00e3o para execu\u00e7\u00e3o do Projeto Conserva Cerrado, no que tange \u00e0s atividades previstas no Plano de Trabalho apresenta:<\/p>\n\n\n\n<p>Objetivo Espec\u00edfico 1: (Re)defini\u00e7\u00e3o de poligonais e (re)categoriza\u00e7\u00e3o de UCs distritais &#8211; Meta 1: (Re)definir poligonais e (re)categorizar UCs distritais \u2013 Atividade 1: Elaborar o plano de prioriza\u00e7\u00e3o das UCs a serem contempladas na (re)categoriza\u00e7\u00e3o.<\/p>\n\n\n\n<p>Objetivo Espec\u00edfico 2: Elabora\u00e7\u00e3o de planos de manejo de UCs &#8211; Meta 2: Elaborar 10 planos de manejo de UCs distritais \u2013 Atividade 4: Elaborar o plano de prioriza\u00e7\u00e3o das UCs a serem contempladas com planos de manejo.<\/p>\n\n\n\n<p>Objetivo Espec\u00edfico 3: Subsidiar a cria\u00e7\u00e3o e gest\u00e3o de \u00e1reas protegidas \u2013 Meta 3: Elaborar proposta para a cria\u00e7\u00e3o de cinco \u00e1reas protegidas.<\/p>\n<\/div>\n\n\n\n<div class=\"wp-block-column is-layout-flow wp-block-column-is-layout-flow\" style=\"flex-basis:33.33%\"><div class=\"wp-block-image\">\n<figure class=\"aligncenter size-large is-resized\"><img loading=\"lazy\" decoding=\"async\" src=\"https:\/\/pinealcomunicacao.com.br\/conservacerrado\/wp-content\/uploads\/2022\/04\/logo_vertical-694x1024.png\" alt=\"\" class=\"wp-image-1690\" width=\"300\" height=\"442\" srcset=\"https:\/\/funatura.org.br\/conservacerrado\/wp-content\/uploads\/2022\/04\/logo_vertical-694x1024.png 694w, https:\/\/funatura.org.br\/conservacerrado\/wp-content\/uploads\/2022\/04\/logo_vertical-203x300.png 203w, https:\/\/funatura.org.br\/conservacerrado\/wp-content\/uploads\/2022\/04\/logo_vertical-768x1132.png 768w, https:\/\/funatura.org.br\/conservacerrado\/wp-content\/uploads\/2022\/04\/logo_vertical-1042x1536.png 1042w, https:\/\/funatura.org.br\/conservacerrado\/wp-content\/uploads\/2022\/04\/logo_vertical-1389x2048.png 1389w, https:\/\/funatura.org.br\/conservacerrado\/wp-content\/uploads\/2022\/04\/logo_vertical.png 1979w\" sizes=\"auto, (max-width: 300px) 100vw, 300px\" \/><\/figure>\n<\/div><\/div>\n<\/div>\n\n\n\n<div style=\"height:57px\" aria-hidden=\"true\" class=\"wp-block-spacer\"><\/div>\n\n\n\n<div style=\"height:33px\" aria-hidden=\"true\" class=\"wp-block-spacer\"><\/div>\n\n\n\n<div class=\"wp-block-columns is-layout-flex wp-container-core-columns-is-layout-9d6595d7 wp-block-columns-is-layout-flex\">\n<div class=\"wp-block-column is-layout-flow wp-block-column-is-layout-flow\" style=\"flex-basis:25%\">\n<h3 class=\"wp-block-heading\">Execu\u00e7\u00e3o<\/h3>\n\n\n<div class=\"wp-block-image\">\n<figure class=\"aligncenter size-full\"><a href=\"https:\/\/funatura.org.br\" target=\"_blank\" rel=\"noopener\"><img loading=\"lazy\" decoding=\"async\" width=\"423\" height=\"166\" src=\"https:\/\/pinealcomunicacao.com.br\/conservacerrado\/wp-content\/uploads\/2022\/04\/logo_funatura_norm.png\" alt=\"\" class=\"wp-image-1745\" srcset=\"https:\/\/funatura.org.br\/conservacerrado\/wp-content\/uploads\/2022\/04\/logo_funatura_norm.png 423w, https:\/\/funatura.org.br\/conservacerrado\/wp-content\/uploads\/2022\/04\/logo_funatura_norm-300x118.png 300w\" sizes=\"auto, (max-width: 423px) 100vw, 423px\" \/><\/a><\/figure>\n<\/div><\/div>\n\n\n\n<div class=\"wp-block-column is-layout-flow wp-block-column-is-layout-flow\" style=\"flex-basis:75%\">\n<h3 class=\"wp-block-heading\">Apoio<\/h3>\n\n\n\n<div class=\"wp-block-columns is-layout-flex wp-container-core-columns-is-layout-9d6595d7 wp-block-columns-is-layout-flex\">\n<div class=\"wp-block-column is-layout-flow wp-block-column-is-layout-flow\" style=\"flex-basis:33%\"><div class=\"wp-block-image\">\n<figure class=\"aligncenter size-full\"><a href=\"https:\/\/fbb.org.br\/pt-br\/menu-pt-br\/sobre-nos\" target=\"_blank\" rel=\"noopener\"><img loading=\"lazy\" decoding=\"async\" width=\"423\" height=\"166\" src=\"https:\/\/pinealcomunicacao.com.br\/conservacerrado\/wp-content\/uploads\/2022\/04\/logo_fbb_norm.png\" alt=\"\" class=\"wp-image-1737\" srcset=\"https:\/\/funatura.org.br\/conservacerrado\/wp-content\/uploads\/2022\/04\/logo_fbb_norm.png 423w, https:\/\/funatura.org.br\/conservacerrado\/wp-content\/uploads\/2022\/04\/logo_fbb_norm-300x118.png 300w\" sizes=\"auto, (max-width: 423px) 100vw, 423px\" \/><\/a><\/figure>\n<\/div><\/div>\n\n\n\n<div class=\"wp-block-column is-layout-flow wp-block-column-is-layout-flow\" style=\"flex-basis:33%\"><div class=\"wp-block-image\">\n<figure class=\"aligncenter size-full\"><a href=\"https:\/\/ibramdf.gov.br\" target=\"_blank\" rel=\"noopener\"><img loading=\"lazy\" decoding=\"async\" width=\"423\" height=\"166\" src=\"https:\/\/pinealcomunicacao.com.br\/conservacerrado\/wp-content\/uploads\/2022\/04\/logo_ifb_norm.png\" alt=\"\" class=\"wp-image-1739\" srcset=\"https:\/\/funatura.org.br\/conservacerrado\/wp-content\/uploads\/2022\/04\/logo_ifb_norm.png 423w, https:\/\/funatura.org.br\/conservacerrado\/wp-content\/uploads\/2022\/04\/logo_ifb_norm-300x118.png 300w\" sizes=\"auto, (max-width: 423px) 100vw, 423px\" \/><\/a><\/figure>\n<\/div><\/div>\n\n\n\n<div class=\"wp-block-column is-layout-flow wp-block-column-is-layout-flow\" style=\"flex-basis:33%\"><div class=\"wp-block-image\">\n<figure class=\"aligncenter size-full\"><a href=\"https:\/\/sema.df.gov.br\" target=\"_blank\" rel=\"noreferrer noopener\"><img loading=\"lazy\" decoding=\"async\" width=\"423\" height=\"166\" src=\"https:\/\/funatura.org.br\/conservacerrado\/wp-content\/uploads\/2022\/07\/logo_sema_norm.png\" alt=\"\" class=\"wp-image-1817\" srcset=\"https:\/\/funatura.org.br\/conservacerrado\/wp-content\/uploads\/2022\/07\/logo_sema_norm.png 423w, https:\/\/funatura.org.br\/conservacerrado\/wp-content\/uploads\/2022\/07\/logo_sema_norm-300x118.png 300w\" sizes=\"auto, (max-width: 423px) 100vw, 423px\" \/><\/a><\/figure>\n<\/div><\/div>\n<\/div>\n<\/div>\n<\/div>\n","protected":false},"excerpt":{"rendered":"<p>O Governo do Distrito Federal, por meio do Bras\u00edlia Ambiental (Ibram), firmou Acordo de Coopera\u00e7\u00e3o T\u00e9cnica com a Funda\u00e7\u00e3o Banco do Brasil (FBB) para executar os recursos provenientes de Projetos &#8230;<\/p>\n","protected":false},"author":1,"featured_media":0,"parent":0,"menu_order":0,"comment_status":"closed","ping_status":"closed","template":"","meta":{"footnotes":""},"class_list":["post-1682","page","type-page","status-publish","hentry"],"_links":{"self":[{"href":"https:\/\/funatura.org.br\/conservacerrado\/wp-json\/wp\/v2\/pages\/1682","targetHints":{"allow":["GET"]}}],"collection":[{"href":"https:\/\/funatura.org.br\/conservacerrado\/wp-json\/wp\/v2\/pages"}],"about":[{"href":"https:\/\/funatura.org.br\/conservacerrado\/wp-json\/wp\/v2\/types\/page"}],"author":[{"embeddable":true,"href":"https:\/\/funatura.org.br\/conservacerrado\/wp-json\/wp\/v2\/users\/1"}],"replies":[{"embeddable":true,"href":"https:\/\/funatura.org.br\/conservacerrado\/wp-json\/wp\/v2\/comments?post=1682"}],"version-history":[{"count":34,"href":"https:\/\/funatura.org.br\/conservacerrado\/wp-json\/wp\/v2\/pages\/1682\/revisions"}],"predecessor-version":[{"id":2093,"href":"https:\/\/funatura.org.br\/conservacerrado\/wp-json\/wp\/v2\/pages\/1682\/revisions\/2093"}],"wp:attachment":[{"href":"https:\/\/funatura.org.br\/conservacerrado\/wp-json\/wp\/v2\/media?parent=1682"}],"curies":[{"name":"wp","href":"https:\/\/api.w.org\/{rel}","templated":true}]}}